{"id":26,"date":"2017-12-18T11:24:57","date_gmt":"2017-12-18T10:24:57","guid":{"rendered":"http:\/\/www.valdelanef.com\/V2\/?page_id=26"},"modified":"2024-06-16T15:38:21","modified_gmt":"2024-06-16T13:38:21","slug":"le-grand-val-de-la-nef","status":"publish","type":"page","link":"https:\/\/www.valdelanef.com\/V2\/","title":{"rendered":"Le Grand Val de la Nef"},"content":{"rendered":"\n<div class=\"wp-block-group alignfull has-text-color has-background is-layout-flow wp-block-group-is-layout-flow\" style=\"color:#000000;background-color:#ffffff\"><div class=\"wp-block-group__inner-container\">\n<div class=\"wp-block-buttons is-horizontal is-content-justification-center is-layout-flex wp-container-1 wp-block-buttons-is-layout-flex\">\n<div class=\"wp-block-button has-custom-font-size is-style-outline\" style=\"font-size:24px\"><a class=\"wp-block-button__link has-vivid-red-color has-text-color wp-element-button\">Fermeture des chambres d&rsquo;h\u00f4tes d\u00e9finitive, mais le gite reste ouvert.<\/a><\/div>\n<\/div>\n<\/div><\/div>\n\n\n<p><a href=\"https:\/\/www.valdelanef.com\/V2\/english\" rel=\"home\"><img decoding=\"async\" class=\"size-full alignleft\" src=\"https:\/\/www.valdelanef.com\/V2\/wp-content\/uploads\/2017\/12\/UK_Flag.png\" alt=\"\" width=\"6%\" height=\"6%\" \/><\/a><\/p>\n<h1>G\u00ceTE au calme, en for\u00eat | Yonne \u2013 Bourgogne<\/h1>\n<p>Situ\u00e9e au c\u0153ur de la for\u00eat de feuillus du Grand Val de la Nef, notre maison a \u00e9t\u00e9 compl\u00e8tement r\u00e9nov\u00e9e avec le souci de respecter au mieux son authenticit\u00e9 et le charme d\u2019un ancien relais de chasse bourguignon du XIX\u00e8me si\u00e8cle ; tout en apportant aux chambres d\u2019h\u00f4tes un grand confort.<br \/>A seulement deux heures de Paris, dans une clairi\u00e8re au bout du chemin, Sylvestre et Corinne vous accueillent afin de d\u00e9couvrir les environs (Chablis, Avallon, V\u00e9zelay\u2026), de profiter des nombreuses promenades, de moments de d\u00e9tente et d\u00e9couvrir la gastronomie locale, dans ce lieu \u00e0 part, paisible et reposant.<\/p>\n<p><img decoding=\"async\" class=\"size-full wp-image-421 aligncenter\" src=\"https:\/\/www.valdelanef.com\/V2\/wp-content\/uploads\/2019\/02\/Resizedmaison-sud1001.jpg\" alt=\"\" width=\"48%\" height=\"100%\" srcset=\"https:\/\/www.valdelanef.com\/V2\/wp-content\/uploads\/2019\/02\/Resizedmaison-sud1001.jpg 1368w, https:\/\/www.valdelanef.com\/V2\/wp-content\/uploads\/2019\/02\/Resizedmaison-sud1001-300x188.jpg 300w, https:\/\/www.valdelanef.com\/V2\/wp-content\/uploads\/2019\/02\/Resizedmaison-sud1001-768x481.jpg 768w, https:\/\/www.valdelanef.com\/V2\/wp-content\/uploads\/2019\/02\/Resizedmaison-sud1001-1024x641.jpg 1024w\" sizes=\"(max-width: 1368px) 100vw, 1368px\" \/><\/p>\n<p><img decoding=\"async\" class=\"wp-image-419 aligncenter\" src=\"https:\/\/www.valdelanef.com\/V2\/wp-content\/uploads\/2019\/02\/fac\u0327ade-fleurs.jpg\" alt=\"\" width=\"48%\" height=\"100%\" srcset=\"https:\/\/www.valdelanef.com\/V2\/wp-content\/uploads\/2019\/02\/fac\u0327ade-fleurs.jpg 2290w, https:\/\/www.valdelanef.com\/V2\/wp-content\/uploads\/2019\/02\/fac\u0327ade-fleurs-300x225.jpg 300w, https:\/\/www.valdelanef.com\/V2\/wp-content\/uploads\/2019\/02\/fac\u0327ade-fleurs-768x576.jpg 768w, https:\/\/www.valdelanef.com\/V2\/wp-content\/uploads\/2019\/02\/fac\u0327ade-fleurs-1024x768.jpg 1024w\" sizes=\"(max-width: 2290px) 100vw, 2290px\" \/><\/p>\n<figure id=\"attachment_586\" aria-describedby=\"caption-attachment-586\" style=\"width: 2560px\" class=\"wp-caption aligncenter\"><img decoding=\"async\" loading=\"lazy\" class=\"size-full wp-image-586\" src=\"https:\/\/www.valdelanef.com\/V2\/wp-content\/uploads\/2021\/11\/HAMEAU_DRONE-scaled.jpeg\" alt=\"\" width=\"2560\" height=\"1019\" srcset=\"https:\/\/www.valdelanef.com\/V2\/wp-content\/uploads\/2021\/11\/HAMEAU_DRONE-scaled.jpeg 2560w, https:\/\/www.valdelanef.com\/V2\/wp-content\/uploads\/2021\/11\/HAMEAU_DRONE-500x199.jpeg 500w, https:\/\/www.valdelanef.com\/V2\/wp-content\/uploads\/2021\/11\/HAMEAU_DRONE-700x279.jpeg 700w, https:\/\/www.valdelanef.com\/V2\/wp-content\/uploads\/2021\/11\/HAMEAU_DRONE-768x306.jpeg 768w, https:\/\/www.valdelanef.com\/V2\/wp-content\/uploads\/2021\/11\/HAMEAU_DRONE-1536x612.jpeg 1536w, https:\/\/www.valdelanef.com\/V2\/wp-content\/uploads\/2021\/11\/HAMEAU_DRONE-2048x816.jpeg 2048w\" sizes=\"(max-width: 2560px) 100vw, 2560px\" \/><figcaption id=\"caption-attachment-586\" class=\"wp-caption-text\">le hameau<\/figcaption><\/figure>\n<h1>Acc\u00e8s<\/h1>\n<p><strong>2, Grand Val de la Nef<\/strong><br \/>89440 Joux-la-ville France<\/p>\n<figure id=\"attachment_388\" aria-describedby=\"caption-attachment-388\" style=\"width: 3878px\" class=\"wp-caption aligncenter\"><img decoding=\"async\" loading=\"lazy\" class=\"wp-image-388 size-full\" src=\"https:\/\/www.valdelanef.com\/V2\/wp-content\/uploads\/2018\/05\/P1060673-1.jpg\" alt=\"\" width=\"3878\" height=\"2908\" srcset=\"https:\/\/www.valdelanef.com\/V2\/wp-content\/uploads\/2018\/05\/P1060673-1.jpg 3878w, https:\/\/www.valdelanef.com\/V2\/wp-content\/uploads\/2018\/05\/P1060673-1-300x225.jpg 300w, https:\/\/www.valdelanef.com\/V2\/wp-content\/uploads\/2018\/05\/P1060673-1-768x576.jpg 768w, https:\/\/www.valdelanef.com\/V2\/wp-content\/uploads\/2018\/05\/P1060673-1-1024x768.jpg 1024w\" sizes=\"(max-width: 3878px) 100vw, 3878px\" \/><figcaption id=\"caption-attachment-388\" class=\"wp-caption-text\">sites touristiques aux alentours<\/figcaption><\/figure>\n<h1>La r\u00e9gion<\/h1>\n<p>Au pied de la maison, promenades p\u00e9destres en foret.<\/p>\n<p>A 20 mn. :<br \/>V\u00e9zelay et sa basilique class\u00e9e au patrimoine mondial de l&rsquo;Unesco, \u00e0 voir absolument,<br \/>Chablis et ses caves, ses promenades dans les vignes des grands crus,<br \/>Avallon et sa vieille ville,<br \/>Noyers\/Serein, village m\u00e9di\u00e9val appartenant aux 100 plus beaux villages de France, ainsi que le village de Montr\u00e9al et sa coll\u00e9giale romane,<br \/>les grottes d&rsquo;Arcy \/ Cure et ses gravures rupestres vieilles de 27 000 ans,<br \/>promenades \u00e0 v\u00e9lo le long du canal du Nivernais et ses locations de p\u00e9niches,<br \/>Les paysages de vignes et leurs caves : V\u00e9zelay, Chablis, Saint Bris le vineux, Irancy&#8230;<br \/>Activit\u00e9s de pleine nature (can\u00f6e\/kayak sur la Cure, via ferrata, voies d&rsquo;escalades) proches.<br \/>le Morvan, magnifiques paysages et relief pris\u00e9 des cyclistes, avec ses ch\u00e2teaux, dont celui de Bazoches o\u00f9 a v\u00e9cu le Mar\u00e9chal de Vauban.<\/p>\n<p>\u00e0 40 mn., l&rsquo;abbaye cistercienne de Fontenay, elle aussi class\u00e9e au patrimoine mondial de l&rsquo;Unesco, remarquable conservation.<\/p>\n<p>\u00e0 60 mn., la construction du ch\u00e2teau de Gu\u00e9delon, avec les techniques du XII\u00e8me si\u00e8cle.<\/p>\n<p><img decoding=\"async\" class=\"wp-image-94 size-full alignleft\" src=\"https:\/\/www.valdelanef.com\/V2\/english\/wp-content\/uploads\/2017\/12\/region3.jpg\" alt=\"\" width=\"45%\" height=\"100%\" \/><\/p>\n<p><img decoding=\"async\" class=\"wp-image-95 size-full alignright\" src=\"https:\/\/www.valdelanef.com\/V2\/english\/wp-content\/uploads\/2017\/12\/vigne.jpg\" alt=\"\" width=\"45%\" height=\"100%\" \/><\/p>\n<p><img decoding=\"async\" class=\"wp-image-98 size-full alignleft\" src=\"https:\/\/www.valdelanef.com\/V2\/english\/wp-content\/uploads\/2017\/12\/grotte-champ-retard.jpg\" alt=\"\" width=\"45%\" height=\"100%\" \/><\/p>\n<p><img decoding=\"async\" class=\"wp-image-100 size-full alignright\" src=\"https:\/\/www.valdelanef.com\/V2\/english\/wp-content\/uploads\/2017\/12\/region.jpg\" alt=\"\" width=\"45%\" height=\"100%\" \/><\/p>","protected":false},"excerpt":{"rendered":"<p>G\u00ceTE au calme, en for\u00eat | Yonne \u2013 Bourgogne Situ\u00e9e au c\u0153ur de la for\u00eat de feuillus du Grand Val de la Nef, notre maison&hellip;<\/p>\n","protected":false},"author":1,"featured_media":0,"parent":0,"menu_order":0,"comment_status":"closed","ping_status":"closed","template":"","meta":{"footnotes":""},"_links":{"self":[{"href":"https:\/\/www.valdelanef.com\/V2\/wp-json\/wp\/v2\/pages\/26"}],"collection":[{"href":"https:\/\/www.valdelanef.com\/V2\/wp-json\/wp\/v2\/pages"}],"about":[{"href":"https:\/\/www.valdelanef.com\/V2\/wp-json\/wp\/v2\/types\/page"}],"author":[{"embeddable":true,"href":"https:\/\/www.valdelanef.com\/V2\/wp-json\/wp\/v2\/users\/1"}],"replies":[{"embeddable":true,"href":"https:\/\/www.valdelanef.com\/V2\/wp-json\/wp\/v2\/comments?post=26"}],"version-history":[{"count":94,"href":"https:\/\/www.valdelanef.com\/V2\/wp-json\/wp\/v2\/pages\/26\/revisions"}],"predecessor-version":[{"id":682,"href":"https:\/\/www.valdelanef.com\/V2\/wp-json\/wp\/v2\/pages\/26\/revisions\/682"}],"wp:attachment":[{"href":"https:\/\/www.valdelanef.com\/V2\/wp-json\/wp\/v2\/media?parent=26"}],"curies":[{"name":"wp","href":"https:\/\/api.w.org\/{rel}","templated":true}]}}